{"id":15,"date":"2021-11-21T15:14:41","date_gmt":"2021-11-21T20:14:41","guid":{"rendered":"https:\/\/famparinmobiliaria.com\/index.php\/services\/"},"modified":"2024-03-04T15:03:46","modified_gmt":"2024-03-04T20:03:46","slug":"nosotros","status":"publish","type":"page","link":"https:\/\/famparinmobiliaria.com\/index.php\/nosotros\/","title":{"rendered":"Nosotros"},"content":{"rendered":"\t\t<div data-elementor-type=\"wp-page\" data-elementor-id=\"15\" class=\"elementor elementor-15\">\n\t\t\t\t\t\t<section class=\"elementor-section elementor-top-section elementor-element elementor-element-6f57d69 elementor-section-height-min-height elementor-section-boxed elementor-section-height-default elementor-section-items-middle\" data-id=\"6f57d69\" data-element_type=\"section\" data-e-type=\"section\" data-settings=\"{&quot;background_background&quot;:&quot;classic&quot;}\">\n\t\t\t\t\t\t\t<div class=\"elementor-background-overlay\"><\/div>\n\t\t\t\t\t\t\t<div class=\"elementor-container elementor-column-gap-default\">\n\t\t\t\t\t<div class=\"elementor-column elementor-col-100 elementor-top-column elementor-element elementor-element-47228c7\" data-id=\"47228c7\" data-element_type=\"column\" data-e-type=\"column\">\n\t\t\t<div class=\"elementor-widget-wrap elementor-element-populated\">\n\t\t\t\t\t\t<div class=\"elementor-element elementor-element-a955995 elementor-widget elementor-widget-heading\" data-id=\"a955995\" data-element_type=\"widget\" data-e-type=\"widget\" data-widget_type=\"heading.default\">\n\t\t\t\t<div class=\"elementor-widget-container\">\n\t\t\t\t\t<h1 class=\"elementor-heading-title elementor-size-default\">Paredes S\u00d3LIDAS,<\/h1>\t\t\t\t<\/div>\n\t\t\t\t<\/div>\n\t\t\t\t<div class=\"elementor-element elementor-element-745baeb elementor-widget elementor-widget-heading\" data-id=\"745baeb\" data-element_type=\"widget\" data-e-type=\"widget\" data-widget_type=\"heading.default\">\n\t\t\t\t<div class=\"elementor-widget-container\">\n\t\t\t\t\t<h1 class=\"elementor-heading-title elementor-size-default\">Sue\u00f1os cumplidos<\/h1>\t\t\t\t<\/div>\n\t\t\t\t<\/div>\n\t\t\t\t\t<\/div>\n\t\t<\/div>\n\t\t\t\t\t<\/div>\n\t\t<\/section>\n\t\t<div class=\"elementor-element elementor-element-508c2e5 e-flex e-con-boxed e-con e-parent\" data-id=\"508c2e5\" data-element_type=\"container\" data-e-type=\"container\">\n\t\t\t\t\t<div class=\"e-con-inner\">\n\t\t<div class=\"elementor-element elementor-element-30fa8ab e-con-full e-flex e-con e-child\" data-id=\"30fa8ab\" data-element_type=\"container\" data-e-type=\"container\">\n\t\t\t\t<div class=\"elementor-element elementor-element-50f7bc6 elementor-widget__width-inherit elementor-widget elementor-widget-image\" data-id=\"50f7bc6\" data-element_type=\"widget\" data-e-type=\"widget\" data-widget_type=\"image.default\">\n\t\t\t\t<div class=\"elementor-widget-container\">\n\t\t\t\t\t\t\t\t\t\t\t\t\t\t\t<img fetchpriority=\"high\" decoding=\"async\" width=\"1024\" height=\"576\" src=\"https:\/\/famparinmobiliaria.com\/wp-content\/uploads\/2023\/10\/20130311_123720-1024x576.jpg\" class=\"attachment-large size-large wp-image-2073\" alt=\"\" srcset=\"https:\/\/famparinmobiliaria.com\/wp-content\/uploads\/2023\/10\/20130311_123720-1024x576.jpg 1024w, https:\/\/famparinmobiliaria.com\/wp-content\/uploads\/2023\/10\/20130311_123720-300x169.jpg 300w, https:\/\/famparinmobiliaria.com\/wp-content\/uploads\/2023\/10\/20130311_123720-768x432.jpg 768w, https:\/\/famparinmobiliaria.com\/wp-content\/uploads\/2023\/10\/20130311_123720-1536x864.jpg 1536w, https:\/\/famparinmobiliaria.com\/wp-content\/uploads\/2023\/10\/20130311_123720-2048x1152.jpg 2048w\" sizes=\"(max-width: 1024px) 100vw, 1024px\" \/>\t\t\t\t\t\t\t\t\t\t\t\t\t\t\t<\/div>\n\t\t\t\t<\/div>\n\t\t\t\t<div class=\"elementor-element elementor-element-5808ec7 elementor-widget elementor-widget-text-editor\" data-id=\"5808ec7\" data-element_type=\"widget\" data-e-type=\"widget\" data-widget_type=\"text-editor.default\">\n\t\t\t\t<div class=\"elementor-widget-container\">\n\t\t\t\t\t\t\t\t\t<p>Proyecto Pedro C\u00f3rdova 149<\/p>\t\t\t\t\t\t\t\t<\/div>\n\t\t\t\t<\/div>\n\t\t\t\t<\/div>\n\t\t<div class=\"elementor-element elementor-element-e34595d e-con-full e-flex e-con e-child\" data-id=\"e34595d\" data-element_type=\"container\" data-e-type=\"container\">\n\t\t\t\t<div class=\"elementor-element elementor-element-521cf3d elementor-widget elementor-widget-heading\" data-id=\"521cf3d\" data-element_type=\"widget\" data-e-type=\"widget\" data-widget_type=\"heading.default\">\n\t\t\t\t<div class=\"elementor-widget-container\">\n\t\t\t\t\t<h3 class=\"elementor-heading-title elementor-size-default\">Nuestros cimientos<\/h3>\t\t\t\t<\/div>\n\t\t\t\t<\/div>\n\t\t\t\t<div class=\"elementor-element elementor-element-497899f elementor-widget__width-initial elementor-widget elementor-widget-text-editor\" data-id=\"497899f\" data-element_type=\"widget\" data-e-type=\"widget\" data-widget_type=\"text-editor.default\">\n\t\t\t\t<div class=\"elementor-widget-container\">\n\t\t\t\t\t\t\t\t\tNuestra pasi\u00f3n por el rubro de la construcci\u00f3n y deseo de compartir la satisfacci\u00f3n de lograr el hogar propio, nos impuls\u00f3 a empezar el primer proyecto multifamiliar en Calle Do\u00f1a Raquel en Santiago de Surco hace m\u00e1s de 15 a\u00f1os.\t\t\t\t\t\t\t\t<\/div>\n\t\t\t\t<\/div>\n\t\t\t\t<\/div>\n\t\t\t\t\t<\/div>\n\t\t\t\t<\/div>\n\t\t<div class=\"elementor-element elementor-element-052ba9e e-flex e-con-boxed e-con e-parent\" data-id=\"052ba9e\" data-element_type=\"container\" data-e-type=\"container\">\n\t\t\t\t\t<div class=\"e-con-inner\">\n\t\t<div class=\"elementor-element elementor-element-5e049e3 e-con-full e-flex e-con e-child\" data-id=\"5e049e3\" data-element_type=\"container\" data-e-type=\"container\">\n\t\t\t\t<div class=\"elementor-element elementor-element-e9adb76 elementor-widget elementor-widget-heading\" data-id=\"e9adb76\" data-element_type=\"widget\" data-e-type=\"widget\" data-widget_type=\"heading.default\">\n\t\t\t\t<div class=\"elementor-widget-container\">\n\t\t\t\t\t<h3 class=\"elementor-heading-title elementor-size-default\">Construyendo paredes s\u00f3lidas<\/h3>\t\t\t\t<\/div>\n\t\t\t\t<\/div>\n\t\t\t\t<div class=\"elementor-element elementor-element-e78c4ea elementor-widget elementor-widget-text-editor\" data-id=\"e78c4ea\" data-element_type=\"widget\" data-e-type=\"widget\" data-widget_type=\"text-editor.default\">\n\t\t\t\t<div class=\"elementor-widget-container\">\n\t\t\t\t\t\t\t\t\tHoy, trabajamos en equipo para desarrollar y ejecutar proyectos en los cuales desear\u00edamos vivir; para familias grandes y peque\u00f1as, inversionistas o todo aquel que busca asegurar su patrimonio. Creemos que nuestra dedicaci\u00f3n continua, compromiso y enfoque en la comunidad nos ha permitido entregarles a 50 familias, hogares que se adaptan a su estilo de vida y necesidades. \t\t\t\t\t\t\t\t<\/div>\n\t\t\t\t<\/div>\n\t\t\t\t<\/div>\n\t\t<div class=\"elementor-element elementor-element-8bccdd0 e-con-full e-flex e-con e-child\" data-id=\"8bccdd0\" data-element_type=\"container\" data-e-type=\"container\">\n\t\t\t\t<div class=\"elementor-element elementor-element-b081cbb elementor-widget elementor-widget-image\" data-id=\"b081cbb\" data-element_type=\"widget\" data-e-type=\"widget\" data-widget_type=\"image.default\">\n\t\t\t\t<div class=\"elementor-widget-container\">\n\t\t\t\t\t\t\t\t\t\t\t\t\t\t\t<img decoding=\"async\" src=\"https:\/\/famparinmobiliaria.com\/wp-content\/uploads\/2023\/11\/group-hands-2-scaled.jpg\" title=\"group hands 2\" alt=\"group hands 2\" loading=\"lazy\" \/>\t\t\t\t\t\t\t\t\t\t\t\t\t\t\t<\/div>\n\t\t\t\t<\/div>\n\t\t\t\t<\/div>\n\t\t\t\t\t<\/div>\n\t\t\t\t<\/div>\n\t\t<div class=\"elementor-element elementor-element-26bacb6 e-flex e-con-boxed e-con e-parent\" data-id=\"26bacb6\" data-element_type=\"container\" data-e-type=\"container\">\n\t\t\t\t\t<div class=\"e-con-inner\">\n\t\t<div class=\"elementor-element elementor-element-67dc427 e-con-full e-flex e-con e-child\" data-id=\"67dc427\" data-element_type=\"container\" data-e-type=\"container\">\n\t\t\t\t<div class=\"elementor-element elementor-element-8a21999 elementor-widget elementor-widget-image\" data-id=\"8a21999\" data-element_type=\"widget\" data-e-type=\"widget\" data-widget_type=\"image.default\">\n\t\t\t\t<div class=\"elementor-widget-container\">\n\t\t\t\t\t\t\t\t\t\t\t\t\t\t\t<img decoding=\"async\" width=\"1024\" height=\"683\" src=\"https:\/\/famparinmobiliaria.com\/wp-content\/uploads\/2023\/11\/gabor-molnar-Y7ufx8R8PM0-unsplash-1024x683.jpg\" class=\"attachment-large size-large wp-image-2502\" alt=\"\" srcset=\"https:\/\/famparinmobiliaria.com\/wp-content\/uploads\/2023\/11\/gabor-molnar-Y7ufx8R8PM0-unsplash-1024x683.jpg 1024w, https:\/\/famparinmobiliaria.com\/wp-content\/uploads\/2023\/11\/gabor-molnar-Y7ufx8R8PM0-unsplash-300x200.jpg 300w, https:\/\/famparinmobiliaria.com\/wp-content\/uploads\/2023\/11\/gabor-molnar-Y7ufx8R8PM0-unsplash-768x512.jpg 768w, https:\/\/famparinmobiliaria.com\/wp-content\/uploads\/2023\/11\/gabor-molnar-Y7ufx8R8PM0-unsplash-1536x1024.jpg 1536w, https:\/\/famparinmobiliaria.com\/wp-content\/uploads\/2023\/11\/gabor-molnar-Y7ufx8R8PM0-unsplash-2048x1365.jpg 2048w\" sizes=\"(max-width: 1024px) 100vw, 1024px\" \/>\t\t\t\t\t\t\t\t\t\t\t\t\t\t\t<\/div>\n\t\t\t\t<\/div>\n\t\t\t\t<\/div>\n\t\t<div class=\"elementor-element elementor-element-0001d7d e-con-full e-flex e-con e-child\" data-id=\"0001d7d\" data-element_type=\"container\" data-e-type=\"container\">\n\t\t\t\t<div class=\"elementor-element elementor-element-a1839b5 elementor-widget elementor-widget-heading\" data-id=\"a1839b5\" data-element_type=\"widget\" data-e-type=\"widget\" data-widget_type=\"heading.default\">\n\t\t\t\t<div class=\"elementor-widget-container\">\n\t\t\t\t\t<h3 class=\"elementor-heading-title elementor-size-default\">Pavimentando el futuro<\/h3>\t\t\t\t<\/div>\n\t\t\t\t<\/div>\n\t\t\t\t<div class=\"elementor-element elementor-element-df81b41 elementor-widget elementor-widget-text-editor\" data-id=\"df81b41\" data-element_type=\"widget\" data-e-type=\"widget\" data-widget_type=\"text-editor.default\">\n\t\t\t\t<div class=\"elementor-widget-container\">\n\t\t\t\t\t\t\t\t\t<p>Estamos comprometidos a desarrollar viviendas seguras y contempor\u00e1neas para todos, donde el entorno de cada proyecto les permita tener una vida equilibrada y sostenible.<\/p><p><span style=\"font-style: inherit; font-weight: inherit; color: var( --e-global-color-text ); background-color: var(--ast-global-color-5);\">Mirando hac\u00eda el futuro, crearemos espacios que se adapten a las diversas necesidades de todas las familias. Siendo nuestra promesa para todos los que conf\u00edan en nosotros:\u00a0la seguridad, la excelencia en el servicio y la atenci\u00f3n a cada detalle.<\/span><\/p>\t\t\t\t\t\t\t\t<\/div>\n\t\t\t\t<\/div>\n\t\t\t\t<\/div>\n\t\t\t\t\t<\/div>\n\t\t\t\t<\/div>\n\t\t\t\t<section class=\"elementor-section elementor-top-section elementor-element elementor-element-ea64682 elementor-section-content-middle elementor-section-boxed elementor-section-height-default elementor-section-height-default\" data-id=\"ea64682\" data-element_type=\"section\" data-e-type=\"section\" data-settings=\"{&quot;background_background&quot;:&quot;classic&quot;}\">\n\t\t\t\t\t\t<div class=\"elementor-container elementor-column-gap-default\">\n\t\t\t\t\t<div class=\"elementor-column elementor-col-100 elementor-top-column elementor-element elementor-element-3cb18be\" data-id=\"3cb18be\" data-element_type=\"column\" data-e-type=\"column\">\n\t\t\t<div class=\"elementor-widget-wrap elementor-element-populated\">\n\t\t\t\t\t\t<div class=\"elementor-element elementor-element-d2ec9a0 elementor-widget elementor-widget-heading\" data-id=\"d2ec9a0\" data-element_type=\"widget\" data-e-type=\"widget\" data-widget_type=\"heading.default\">\n\t\t\t\t<div class=\"elementor-widget-container\">\n\t\t\t\t\t<h2 class=\"elementor-heading-title elementor-size-default\">\u00bfQuieres CONVERSAR?<\/h2>\t\t\t\t<\/div>\n\t\t\t\t<\/div>\n\t\t\t\t<div class=\"elementor-element elementor-element-0cc9dbc elementor-widget elementor-widget-text-editor\" data-id=\"0cc9dbc\" data-element_type=\"widget\" data-e-type=\"widget\" data-widget_type=\"text-editor.default\">\n\t\t\t\t<div class=\"elementor-widget-container\">\n\t\t\t\t\t\t\t\t\t<p>\u00bfTe interesa saber m\u00e1s de nuestros proyectos? \u00bfTienes un terreno que quieres vender?\u00bfQuisieras trabajar con nosotros? Siempre estamos disponibles para cualquier consulta.<\/p>\t\t\t\t\t\t\t\t<\/div>\n\t\t\t\t<\/div>\n\t\t\t\t<div class=\"elementor-element elementor-element-5cf30d0 elementor-align-center elementor-widget elementor-widget-button\" data-id=\"5cf30d0\" data-element_type=\"widget\" data-e-type=\"widget\" data-widget_type=\"button.default\">\n\t\t\t\t<div class=\"elementor-widget-container\">\n\t\t\t\t\t\t\t\t\t<div class=\"elementor-button-wrapper\">\n\t\t\t\t\t<a class=\"elementor-button elementor-button-link elementor-size-sm\" href=\"https:\/\/famparinmobiliaria.com\/index.php\/contact\/\">\n\t\t\t\t\t\t<span class=\"elementor-button-content-wrapper\">\n\t\t\t\t\t\t\t\t\t<span class=\"elementor-button-text\">Cont\u00e1ctanos<\/span>\n\t\t\t\t\t<\/span>\n\t\t\t\t\t<\/a>\n\t\t\t\t<\/div>\n\t\t\t\t\t\t\t\t<\/div>\n\t\t\t\t<\/div>\n\t\t\t\t\t<\/div>\n\t\t<\/div>\n\t\t\t\t\t<\/div>\n\t\t<\/section>\n\t\t\t\t<\/div>\n\t\t","protected":false},"excerpt":{"rendered":"<p>Paredes S\u00d3LIDAS, Sue\u00f1os cumplidos Proyecto Pedro C\u00f3rdova 149 Nuestros cimientos Nuestra pasi\u00f3n por el rubro de la construcci\u00f3n y deseo de compartir la satisfacci\u00f3n de lograr el hogar propio, nos impuls\u00f3 a empezar el primer proyecto multifamiliar en Calle Do\u00f1a Raquel en Santiago de Surco hace m\u00e1s de 15 a\u00f1os. Construyendo paredes s\u00f3lidas Hoy, trabajamos [&hellip;]<\/p>\n","protected":false},"author":1,"featured_media":0,"parent":0,"menu_order":0,"comment_status":"closed","ping_status":"closed","template":"","meta":{"site-sidebar-layout":"no-sidebar","site-content-layout":"page-builder","ast-site-content-layout":"full-width-container","site-content-style":"unboxed","site-sidebar-style":"unboxed","ast-global-header-display":"","ast-banner-title-visibility":"","ast-main-header-display":"","ast-hfb-above-header-display":"","ast-hfb-below-header-display":"","ast-hfb-mobile-header-display":"","site-post-title":"disabled","ast-breadcrumbs-content":"","ast-featured-img":"disabled","footer-sml-layout":"","ast-disable-related-posts":"","theme-transparent-header-meta":"enabled","adv-header-id-meta":"","stick-header-meta":"","header-above-stick-meta":"","header-main-stick-meta":"","header-below-stick-meta":"","astra-migrate-meta-layouts":"set","ast-page-background-enabled":"default","ast-page-background-meta":{"desktop":{"background-color":"var(--ast-global-color-4)","background-image":"","background-repeat":"repeat","background-position":"center center","background-size":"auto","background-attachment":"scroll","background-type":"","background-media":"","overlay-type":"","overlay-color":"","overlay-opacity":"","overlay-gradient":""},"tablet":{"background-color":"","background-image":"","background-repeat":"repeat","background-position":"center center","background-size":"auto","background-attachment":"scroll","background-type":"","background-media":"","overlay-type":"","overlay-color":"","overlay-opacity":"","overlay-gradient":""},"mobile":{"background-color":"","background-image":"","background-repeat":"repeat","background-position":"center center","background-size":"auto","background-attachment":"scroll","background-type":"","background-media":"","overlay-type":"","overlay-color":"","overlay-opacity":"","overlay-gradient":""}},"ast-content-background-meta":{"desktop":{"background-color":"var(--ast-global-color-5)","background-image":"","background-repeat":"repeat","background-position":"center center","background-size":"auto","background-attachment":"scroll","background-type":"","background-media":"","overlay-type":"","overlay-color":"","overlay-opacity":"","overlay-gradient":""},"tablet":{"background-color":"var(--ast-global-color-5)","background-image":"","background-repeat":"repeat","background-position":"center center","background-size":"auto","background-attachment":"scroll","background-type":"","background-media":"","overlay-type":"","overlay-color":"","overlay-opacity":"","overlay-gradient":""},"mobile":{"background-color":"var(--ast-global-color-5)","background-image":"","background-repeat":"repeat","background-position":"center center","background-size":"auto","background-attachment":"scroll","background-type":"","background-media":"","overlay-type":"","overlay-color":"","overlay-opacity":"","overlay-gradient":""}},"_joinchat":[],"footnotes":""},"class_list":["post-15","page","type-page","status-publish","hentry"],"yoast_head":"<!-- This site is optimized with the Yoast SEO plugin v27.1.1 - https:\/\/yoast.com\/product\/yoast-seo-wordpress\/ -->\n<title>Nosotros | Fampar Inmobiliaria<\/title>\n<meta name=\"description\" content=\"Empresa peruana que desarrolla proyectos inmobiliarios. Dise\u00f1amos espacios amplios y funcionales en ubicaciones estrat\u00e9gicas para elevar tu comodidad.\" \/>\n<meta name=\"robots\" content=\"index, follow, max-snippet:-1, max-image-preview:large, max-video-preview:-1\" \/>\n<link rel=\"canonical\" href=\"https:\/\/famparinmobiliaria.com\/index.php\/nosotros\/\" \/>\n<meta property=\"og:locale\" content=\"en_US\" \/>\n<meta property=\"og:type\" content=\"article\" \/>\n<meta property=\"og:title\" content=\"Nosotros | Fampar Inmobiliaria\" \/>\n<meta property=\"og:description\" content=\"Empresa peruana que desarrolla proyectos inmobiliarios. Dise\u00f1amos espacios amplios y funcionales en ubicaciones estrat\u00e9gicas para elevar tu comodidad.\" \/>\n<meta property=\"og:url\" content=\"https:\/\/famparinmobiliaria.com\/index.php\/nosotros\/\" \/>\n<meta property=\"og:site_name\" content=\"Fampar Inmobiliaria\" \/>\n<meta property=\"article:modified_time\" content=\"2024-03-04T20:03:46+00:00\" \/>\n<meta property=\"og:image\" content=\"http:\/\/famparinmobiliaria.com\/wp-content\/uploads\/2023\/10\/20130311_123720-1024x576.jpg\" \/>\n<meta name=\"twitter:card\" content=\"summary_large_image\" \/>\n<meta name=\"twitter:label1\" content=\"Est. reading time\" \/>\n\t<meta name=\"twitter:data1\" content=\"2 minutes\" \/>\n<script type=\"application\/ld+json\" class=\"yoast-schema-graph\">{\"@context\":\"https:\/\/schema.org\",\"@graph\":[{\"@type\":\"WebPage\",\"@id\":\"https:\/\/famparinmobiliaria.com\/index.php\/nosotros\/\",\"url\":\"https:\/\/famparinmobiliaria.com\/index.php\/nosotros\/\",\"name\":\"Nosotros | Fampar Inmobiliaria\",\"isPartOf\":{\"@id\":\"https:\/\/famparinmobiliaria.com\/#website\"},\"primaryImageOfPage\":{\"@id\":\"https:\/\/famparinmobiliaria.com\/index.php\/nosotros\/#primaryimage\"},\"image\":{\"@id\":\"https:\/\/famparinmobiliaria.com\/index.php\/nosotros\/#primaryimage\"},\"thumbnailUrl\":\"http:\/\/famparinmobiliaria.com\/wp-content\/uploads\/2023\/10\/20130311_123720-1024x576.jpg\",\"datePublished\":\"2021-11-21T20:14:41+00:00\",\"dateModified\":\"2024-03-04T20:03:46+00:00\",\"description\":\"Empresa peruana que desarrolla proyectos inmobiliarios. Dise\u00f1amos espacios amplios y funcionales en ubicaciones estrat\u00e9gicas para elevar tu comodidad.\",\"breadcrumb\":{\"@id\":\"https:\/\/famparinmobiliaria.com\/index.php\/nosotros\/#breadcrumb\"},\"inLanguage\":\"en-US\",\"potentialAction\":[{\"@type\":\"ReadAction\",\"target\":[\"https:\/\/famparinmobiliaria.com\/index.php\/nosotros\/\"]}]},{\"@type\":\"ImageObject\",\"inLanguage\":\"en-US\",\"@id\":\"https:\/\/famparinmobiliaria.com\/index.php\/nosotros\/#primaryimage\",\"url\":\"http:\/\/famparinmobiliaria.com\/wp-content\/uploads\/2023\/10\/20130311_123720-1024x576.jpg\",\"contentUrl\":\"http:\/\/famparinmobiliaria.com\/wp-content\/uploads\/2023\/10\/20130311_123720-1024x576.jpg\"},{\"@type\":\"BreadcrumbList\",\"@id\":\"https:\/\/famparinmobiliaria.com\/index.php\/nosotros\/#breadcrumb\",\"itemListElement\":[{\"@type\":\"ListItem\",\"position\":1,\"name\":\"Home\",\"item\":\"https:\/\/famparinmobiliaria.com\/\"},{\"@type\":\"ListItem\",\"position\":2,\"name\":\"Nosotros\"}]},{\"@type\":\"WebSite\",\"@id\":\"https:\/\/famparinmobiliaria.com\/#website\",\"url\":\"https:\/\/famparinmobiliaria.com\/\",\"name\":\"Fampar Inmobiliaria\",\"description\":\"Venta de departamentos en Lima, Per\u00fa\",\"publisher\":{\"@id\":\"https:\/\/famparinmobiliaria.com\/#organization\"},\"potentialAction\":[{\"@type\":\"SearchAction\",\"target\":{\"@type\":\"EntryPoint\",\"urlTemplate\":\"https:\/\/famparinmobiliaria.com\/?s={search_term_string}\"},\"query-input\":{\"@type\":\"PropertyValueSpecification\",\"valueRequired\":true,\"valueName\":\"search_term_string\"}}],\"inLanguage\":\"en-US\"},{\"@type\":\"Organization\",\"@id\":\"https:\/\/famparinmobiliaria.com\/#organization\",\"name\":\"Fampar Inmobiliaria\",\"url\":\"https:\/\/famparinmobiliaria.com\/\",\"logo\":{\"@type\":\"ImageObject\",\"inLanguage\":\"en-US\",\"@id\":\"https:\/\/famparinmobiliaria.com\/#\/schema\/logo\/image\/\",\"url\":\"https:\/\/famparinmobiliaria.com\/wp-content\/uploads\/2023\/09\/fampar_TPL_Crvs-08.png\",\"contentUrl\":\"https:\/\/famparinmobiliaria.com\/wp-content\/uploads\/2023\/09\/fampar_TPL_Crvs-08.png\",\"width\":2001,\"height\":2001,\"caption\":\"Fampar Inmobiliaria\"},\"image\":{\"@id\":\"https:\/\/famparinmobiliaria.com\/#\/schema\/logo\/image\/\"},\"sameAs\":[\"https:\/\/www.instagram.com\/famparinmobiliaria\/\",\"https:\/\/www.youtube.com\/channel\/UCCKy1N2RXwJAacWCUuymRZQ\",\"https:\/\/www.linkedin.com\/company\/98548509\/admin\/feed\/posts\/?feedType=following\"]}]}<\/script>\n<!-- \/ Yoast SEO plugin. -->","yoast_head_json":{"title":"Nosotros | Fampar Inmobiliaria","description":"Empresa peruana que desarrolla proyectos inmobiliarios. Dise\u00f1amos espacios amplios y funcionales en ubicaciones estrat\u00e9gicas para elevar tu comodidad.","robots":{"index":"index","follow":"follow","max-snippet":"max-snippet:-1","max-image-preview":"max-image-preview:large","max-video-preview":"max-video-preview:-1"},"canonical":"https:\/\/famparinmobiliaria.com\/index.php\/nosotros\/","og_locale":"en_US","og_type":"article","og_title":"Nosotros | Fampar Inmobiliaria","og_description":"Empresa peruana que desarrolla proyectos inmobiliarios. Dise\u00f1amos espacios amplios y funcionales en ubicaciones estrat\u00e9gicas para elevar tu comodidad.","og_url":"https:\/\/famparinmobiliaria.com\/index.php\/nosotros\/","og_site_name":"Fampar Inmobiliaria","article_modified_time":"2024-03-04T20:03:46+00:00","og_image":[{"url":"http:\/\/famparinmobiliaria.com\/wp-content\/uploads\/2023\/10\/20130311_123720-1024x576.jpg","type":"","width":"","height":""}],"twitter_card":"summary_large_image","twitter_misc":{"Est. reading time":"2 minutes"},"schema":{"@context":"https:\/\/schema.org","@graph":[{"@type":"WebPage","@id":"https:\/\/famparinmobiliaria.com\/index.php\/nosotros\/","url":"https:\/\/famparinmobiliaria.com\/index.php\/nosotros\/","name":"Nosotros | Fampar Inmobiliaria","isPartOf":{"@id":"https:\/\/famparinmobiliaria.com\/#website"},"primaryImageOfPage":{"@id":"https:\/\/famparinmobiliaria.com\/index.php\/nosotros\/#primaryimage"},"image":{"@id":"https:\/\/famparinmobiliaria.com\/index.php\/nosotros\/#primaryimage"},"thumbnailUrl":"http:\/\/famparinmobiliaria.com\/wp-content\/uploads\/2023\/10\/20130311_123720-1024x576.jpg","datePublished":"2021-11-21T20:14:41+00:00","dateModified":"2024-03-04T20:03:46+00:00","description":"Empresa peruana que desarrolla proyectos inmobiliarios. Dise\u00f1amos espacios amplios y funcionales en ubicaciones estrat\u00e9gicas para elevar tu comodidad.","breadcrumb":{"@id":"https:\/\/famparinmobiliaria.com\/index.php\/nosotros\/#breadcrumb"},"inLanguage":"en-US","potentialAction":[{"@type":"ReadAction","target":["https:\/\/famparinmobiliaria.com\/index.php\/nosotros\/"]}]},{"@type":"ImageObject","inLanguage":"en-US","@id":"https:\/\/famparinmobiliaria.com\/index.php\/nosotros\/#primaryimage","url":"http:\/\/famparinmobiliaria.com\/wp-content\/uploads\/2023\/10\/20130311_123720-1024x576.jpg","contentUrl":"http:\/\/famparinmobiliaria.com\/wp-content\/uploads\/2023\/10\/20130311_123720-1024x576.jpg"},{"@type":"BreadcrumbList","@id":"https:\/\/famparinmobiliaria.com\/index.php\/nosotros\/#breadcrumb","itemListElement":[{"@type":"ListItem","position":1,"name":"Home","item":"https:\/\/famparinmobiliaria.com\/"},{"@type":"ListItem","position":2,"name":"Nosotros"}]},{"@type":"WebSite","@id":"https:\/\/famparinmobiliaria.com\/#website","url":"https:\/\/famparinmobiliaria.com\/","name":"Fampar Inmobiliaria","description":"Venta de departamentos en Lima, Per\u00fa","publisher":{"@id":"https:\/\/famparinmobiliaria.com\/#organization"},"potentialAction":[{"@type":"SearchAction","target":{"@type":"EntryPoint","urlTemplate":"https:\/\/famparinmobiliaria.com\/?s={search_term_string}"},"query-input":{"@type":"PropertyValueSpecification","valueRequired":true,"valueName":"search_term_string"}}],"inLanguage":"en-US"},{"@type":"Organization","@id":"https:\/\/famparinmobiliaria.com\/#organization","name":"Fampar Inmobiliaria","url":"https:\/\/famparinmobiliaria.com\/","logo":{"@type":"ImageObject","inLanguage":"en-US","@id":"https:\/\/famparinmobiliaria.com\/#\/schema\/logo\/image\/","url":"https:\/\/famparinmobiliaria.com\/wp-content\/uploads\/2023\/09\/fampar_TPL_Crvs-08.png","contentUrl":"https:\/\/famparinmobiliaria.com\/wp-content\/uploads\/2023\/09\/fampar_TPL_Crvs-08.png","width":2001,"height":2001,"caption":"Fampar Inmobiliaria"},"image":{"@id":"https:\/\/famparinmobiliaria.com\/#\/schema\/logo\/image\/"},"sameAs":["https:\/\/www.instagram.com\/famparinmobiliaria\/","https:\/\/www.youtube.com\/channel\/UCCKy1N2RXwJAacWCUuymRZQ","https:\/\/www.linkedin.com\/company\/98548509\/admin\/feed\/posts\/?feedType=following"]}]}},"_links":{"self":[{"href":"https:\/\/famparinmobiliaria.com\/index.php\/wp-json\/wp\/v2\/pages\/15","targetHints":{"allow":["GET"]}}],"collection":[{"href":"https:\/\/famparinmobiliaria.com\/index.php\/wp-json\/wp\/v2\/pages"}],"about":[{"href":"https:\/\/famparinmobiliaria.com\/index.php\/wp-json\/wp\/v2\/types\/page"}],"author":[{"embeddable":true,"href":"https:\/\/famparinmobiliaria.com\/index.php\/wp-json\/wp\/v2\/users\/1"}],"replies":[{"embeddable":true,"href":"https:\/\/famparinmobiliaria.com\/index.php\/wp-json\/wp\/v2\/comments?post=15"}],"version-history":[{"count":108,"href":"https:\/\/famparinmobiliaria.com\/index.php\/wp-json\/wp\/v2\/pages\/15\/revisions"}],"predecessor-version":[{"id":3405,"href":"https:\/\/famparinmobiliaria.com\/index.php\/wp-json\/wp\/v2\/pages\/15\/revisions\/3405"}],"wp:attachment":[{"href":"https:\/\/famparinmobiliaria.com\/index.php\/wp-json\/wp\/v2\/media?parent=15"}],"curies":[{"name":"wp","href":"https:\/\/api.w.org\/{rel}","templated":true}]}}